{"id":6,"date":"2021-05-18T14:57:56","date_gmt":"2021-05-18T12:57:56","guid":{"rendered":"http:\/\/blue-oceans-consulting.com\/?page_id=6"},"modified":"2021-06-30T09:18:45","modified_gmt":"2021-06-30T07:18:45","slug":"beneficiez-du-marketing-pour-vos-ameliorer-vos-ventes","status":"publish","type":"page","link":"https:\/\/blue-oceans-consulting.com\/","title":{"rendered":"Conseil en Marketing"},"content":{"rendered":"\n<div class=\"wp-block-group alignwide\"><div class=\"wp-block-group__inner-container is-layout-flow wp-block-group-is-layout-flow\">\n<h2 class=\"has-text-align-center wp-block-heading\">B\u00e9n\u00e9ficiez d&rsquo;une approche personnalis\u00e9e sur une dur\u00e9e courte pour vos \u00e9quipes et votre comit\u00e9 de direction.<\/h2>\n<\/div><\/div>\n\n\n\n<div class=\"wp-block-group alignwide\"><div class=\"wp-block-group__inner-container is-layout-flow wp-block-group-is-layout-flow\">\n<h3 class=\"has-text-align-center has-accent-color has-text-color wp-block-heading\">\u00ab&nbsp;Vision sans ex\u00e9cution n&rsquo;est qu&rsquo;hallucination.&nbsp;\u00bb<br>Thomas Edison<\/h3>\n<\/div><\/div>\n\n\n\n<p class=\"has-drop-cap\">Avec plus de 20 d&rsquo;exp\u00e9rience dans le domaine marketing B2B pour le secteur de la Tech je vous propose mon exp\u00e9rience mise au service de vos enjeux. Un accompagnement personnalis\u00e9 est d\u00e9fini ensemble dans ses modalit\u00e9s, sa dur\u00e9e et ses livrables afin d&rsquo;acc\u00e9l\u00e9rer votre d\u00e9marche d&rsquo;am\u00e9lioration pour votre marketing. Qu&rsquo;il s&rsquo;agisse de positionnement strat\u00e9gique ou encore de planification tr\u00e8s concr\u00e8te du plan d&rsquo;acquisition en marketing digital, mettons en place la collaboration qui conviendra le mieux \u00e0 vos \u00e9quipes. Le champs des possibles reste vaste et il conviendra, par exp\u00e9rience, de d\u00e9finir des objectifs r\u00e9alisables en des temps courts, avec des livrables attendus pr\u00e9cis et une gestion de projet ad\u00e9quate. Je saurai vous aider pour la d\u00e9finition compl\u00e8te de notre mission.<\/p>\n\n\n\n<p><\/p>\n\n\n\n<div class=\"wp-block-group alignwide has-background\" style=\"background-color:#ffffff\"><div class=\"wp-block-group__inner-container is-layout-flow wp-block-group-is-layout-flow\">\n<div class=\"wp-block-group\"><div class=\"wp-block-group__inner-container is-layout-flow wp-block-group-is-layout-flow\">\n<h2 class=\"has-text-align-center wp-block-heading\">A votre \u00e9coute pour \u00e9tudier vos besoins marketing<\/h2>\n\n\n\n<p class=\"has-text-align-center\">Chaque entreprise, chaque solution logicielle, chaque \u00e9quipe est sp\u00e9cifique. Echangeons pour d\u00e9terminer quelle approche peut vous convenir.<\/p>\n\n\n\n<div class=\"wp-block-button aligncenter\"><a class=\"wp-block-button__link\" href=\"https:\/\/blue-oceans-consulting.com\/?page_id=8\">Contactez moi<\/a><\/div>\n<\/div><\/div>\n<\/div><\/div>\n\n\n\n<figure class=\"wp-block-gallery alignwide columns-2 is-cropped wp-block-gallery-1 is-layout-flex wp-block-gallery-is-layout-flex\"><ul class=\"blocks-gallery-grid\"><li class=\"blocks-gallery-item\"><figure><img decoding=\"async\" src=\"https:\/\/blue-oceans-consulting.com\/wp-content\/themes\/twentytwenty\/assets\/images\/2020-square-2.png\" alt=\"\" data-id=\"39\" data-full-url=\"https:\/\/blue-oceans-consulting.com\/wp-content\/themes\/twentytwenty\/assets\/images\/2020-square-2.png\" data-link=\"assets\/images\/2020-square-2\/\" class=\"wp-image-39\"\/><\/figure><\/li><li class=\"blocks-gallery-item\"><figure><img decoding=\"async\" src=\"https:\/\/blue-oceans-consulting.com\/wp-content\/themes\/twentytwenty\/assets\/images\/2020-square-1.png\" alt=\"\" data-id=\"38\" data-full-url=\"https:\/\/blue-oceans-consulting.com\/wp-content\/themes\/twentytwenty\/assets\/images\/2020-square-1.png\" data-link=\"https:\/\/blue-oceans-consulting.com\/wp-content\/themes\/twentytwenty\/assets\/images\/2020-square-1\/\" class=\"wp-image-38\"\/><\/figure><\/li><\/ul><\/figure>\n\n\n\n<p><\/p>\n","protected":false},"excerpt":{"rendered":"<p>B\u00e9n\u00e9ficiez d&rsquo;une approche personnalis\u00e9e sur une dur\u00e9e courte pour vos \u00e9quipes et votre comit\u00e9 de direction. \u00ab&nbsp;Vision sans ex\u00e9cution n&rsquo;est qu&rsquo;hallucination.&nbsp;\u00bbThomas Edison Avec plus de &hellip;<\/p>\n","protected":false},"author":1,"featured_media":0,"parent":0,"menu_order":0,"comment_status":"closed","ping_status":"closed","template":"","meta":{"footnotes":""},"class_list":["post-6","page","type-page","status-publish","hentry"],"_links":{"self":[{"href":"https:\/\/blue-oceans-consulting.com\/index.php?rest_route=\/wp\/v2\/pages\/6","targetHints":{"allow":["GET"]}}],"collection":[{"href":"https:\/\/blue-oceans-consulting.com\/index.php?rest_route=\/wp\/v2\/pages"}],"about":[{"href":"https:\/\/blue-oceans-consulting.com\/index.php?rest_route=\/wp\/v2\/types\/page"}],"author":[{"embeddable":true,"href":"https:\/\/blue-oceans-consulting.com\/index.php?rest_route=\/wp\/v2\/users\/1"}],"replies":[{"embeddable":true,"href":"https:\/\/blue-oceans-consulting.com\/index.php?rest_route=%2Fwp%2Fv2%2Fcomments&post=6"}],"version-history":[{"count":15,"href":"https:\/\/blue-oceans-consulting.com\/index.php?rest_route=\/wp\/v2\/pages\/6\/revisions"}],"predecessor-version":[{"id":171,"href":"https:\/\/blue-oceans-consulting.com\/index.php?rest_route=\/wp\/v2\/pages\/6\/revisions\/171"}],"wp:attachment":[{"href":"https:\/\/blue-oceans-consulting.com\/index.php?rest_route=%2Fwp%2Fv2%2Fmedia&parent=6"}],"curies":[{"name":"wp","href":"https:\/\/api.w.org\/{rel}","templated":true}]}}