{"id":8,"date":"2021-05-18T14:57:56","date_gmt":"2021-05-18T12:57:56","guid":{"rendered":"http:\/\/blue-oceans-consulting.com\/?page_id=8"},"modified":"2021-06-30T12:24:30","modified_gmt":"2021-06-30T10:24:30","slug":"contact","status":"publish","type":"page","link":"https:\/\/blue-oceans-consulting.com\/?page_id=8","title":{"rendered":"Contactez moi"},"content":{"rendered":"\n<p>Si vous souhaitez en savoir plus sur mon profil je vous invite \u00e0 me suivre sur <a href=\"https:\/\/www.linkedin.com\/in\/vergeemmanuel\/\">Linkedin<\/a>.<br><a href=\"https:\/\/www.linkedin.com\/in\/vergeemmanuel\/\" target=\"_blank\" rel=\"noreferrer noopener\"><img loading=\"lazy\" decoding=\"async\" width=\"150\" height=\"150\" class=\"wp-image-193\" style=\"width: 150px;\" src=\"https:\/\/blue-oceans-consulting.com\/wp-content\/uploads\/2021\/06\/1624554758379.jpg\" alt=\"\" srcset=\"https:\/\/blue-oceans-consulting.com\/wp-content\/uploads\/2021\/06\/1624554758379.jpg 400w, https:\/\/blue-oceans-consulting.com\/wp-content\/uploads\/2021\/06\/1624554758379-300x300.jpg 300w, https:\/\/blue-oceans-consulting.com\/wp-content\/uploads\/2021\/06\/1624554758379-150x150.jpg 150w\" sizes=\"auto, (max-width: 150px) 100vw, 150px\" \/><\/a> <\/p>\n\n\n\n<p>Pour toute demande concernant vos besoins marketing je vous invite \u00e0 un premier \u00e9change par email :<\/p>\n\n\n\n<p><a rel=\"noreferrer noopener\" href=\"mailto:contact@blue-oceans-consulting.com\" target=\"_blank\"><strong>contact@blue-oceans-consulting.com<\/strong><\/a><\/p>\n\n\n\n<p>Nous pourrons par la suite programmer un entretien par t\u00e9l\u00e9phone ou par visioconf\u00e9rence afin de convenir des prochaine \u00e9tapes.<\/p>\n","protected":false},"excerpt":{"rendered":"<p>Si vous souhaitez en savoir plus sur mon profil je vous invite \u00e0 me suivre sur Linkedin. Pour toute demande concernant vos besoins marketing je &hellip;<\/p>\n","protected":false},"author":1,"featured_media":0,"parent":0,"menu_order":0,"comment_status":"closed","ping_status":"closed","template":"","meta":{"footnotes":""},"class_list":["post-8","page","type-page","status-publish","hentry"],"_links":{"self":[{"href":"https:\/\/blue-oceans-consulting.com\/index.php?rest_route=\/wp\/v2\/pages\/8","targetHints":{"allow":["GET"]}}],"collection":[{"href":"https:\/\/blue-oceans-consulting.com\/index.php?rest_route=\/wp\/v2\/pages"}],"about":[{"href":"https:\/\/blue-oceans-consulting.com\/index.php?rest_route=\/wp\/v2\/types\/page"}],"author":[{"embeddable":true,"href":"https:\/\/blue-oceans-consulting.com\/index.php?rest_route=\/wp\/v2\/users\/1"}],"replies":[{"embeddable":true,"href":"https:\/\/blue-oceans-consulting.com\/index.php?rest_route=%2Fwp%2Fv2%2Fcomments&post=8"}],"version-history":[{"count":6,"href":"https:\/\/blue-oceans-consulting.com\/index.php?rest_route=\/wp\/v2\/pages\/8\/revisions"}],"predecessor-version":[{"id":195,"href":"https:\/\/blue-oceans-consulting.com\/index.php?rest_route=\/wp\/v2\/pages\/8\/revisions\/195"}],"wp:attachment":[{"href":"https:\/\/blue-oceans-consulting.com\/index.php?rest_route=%2Fwp%2Fv2%2Fmedia&parent=8"}],"curies":[{"name":"wp","href":"https:\/\/api.w.org\/{rel}","templated":true}]}}