{"id":9,"date":"2021-05-18T14:57:56","date_gmt":"2021-05-18T12:57:56","guid":{"rendered":"http:\/\/blue-oceans-consulting.com\/?page_id=9"},"modified":"2021-06-29T18:47:20","modified_gmt":"2021-06-29T16:47:20","slug":"blog","status":"publish","type":"page","link":"https:\/\/blue-oceans-consulting.com\/?page_id=9","title":{"rendered":"Notre Mission"},"content":{"rendered":"\n<p><strong>Pour r\u00e9aliser vos objectifs m\u00e9tier il convient de mettre en place puis d&rsquo;ex\u00e9cuter la \u00ab\u00a0bonne\u00a0\u00bb strat\u00e9gie marketing.<\/strong><\/p>\n\n\n\n<p><strong>Notre mission, vous accompagner dans cette d\u00e9marche<\/strong>.<\/p>\n\n\n\n<p>La <em><strong>Strat\u00e9gie Oc\u00e9an Bleu<\/strong><\/em> est un paradigme d&rsquo;une strat\u00e9gie d&rsquo;entreprise, expos\u00e9 par W. Chan Kim et Ren\u00e9e Mauborgne, chercheurs au Blue Ocean Strategy Institute \u00e0 l&rsquo;INSEAD dans leur ouvrage <em>Strat\u00e9gie Oc\u00e9an Bleu&nbsp;: Comment cr\u00e9er de nouveaux espaces strat\u00e9giques<\/em>.<\/p>\n\n\n\n<p>Le concept a fait l&rsquo;objet d&rsquo;un premier ouvrage publi\u00e9 en 2005 (et mis \u00e0 jour en 2015) o\u00f9 les auteurs expliquent que la forte croissance et les profits \u00e9lev\u00e9s que peuvent g\u00e9n\u00e9rer une entreprise se font en cr\u00e9ant une nouvelle demande dans un espace strat\u00e9gique non contest\u00e9, ou <em>Oc\u00e9an Bleu<\/em>, plut\u00f4t qu&rsquo;au cours d&rsquo;affrontements avec des fournisseurs existants pour des clients existants dans une activit\u00e9 existante. En 2017, les auteurs publient un second ouvrage, <em>Blue Ocean Shift,<\/em> traduit en fran\u00e7ais par <em>Cap sur l&rsquo;Oc\u00e9an Bleu.<\/em> Dans ce nouvel opus, les auteurs proposent une m\u00e9thodologie en cinq \u00e9tapes visant \u00e0 cr\u00e9er ces oc\u00e9ans bleus qu&rsquo;ils assortissent de conseils et illustrent d&rsquo;exemples d&rsquo;applications du concept.<br>&#8211; Source <a href=\"https:\/\/fr.wikipedia.org\/wiki\/Strat%C3%A9gie_oc%C3%A9an_bleu\" data-type=\"URL\" data-id=\"https:\/\/fr.wikipedia.org\/wiki\/Strat%C3%A9gie_oc%C3%A9an_bleu\">Wikipedia <\/a>2021 <\/p>\n\n\n\n<figure class=\"wp-block-gallery alignleft columns-1 is-cropped wp-block-gallery-1 is-layout-flex wp-block-gallery-is-layout-flex\"><ul class=\"blocks-gallery-grid\"><li class=\"blocks-gallery-item\"><figure><img loading=\"lazy\" decoding=\"async\" width=\"314\" height=\"500\" src=\"https:\/\/blue-oceans-consulting.com\/wp-content\/uploads\/2021\/06\/bos-bookcover-right-v2.jpg\" alt=\"\" data-id=\"126\" data-full-url=\"https:\/\/blue-oceans-consulting.com\/wp-content\/uploads\/2021\/06\/bos-bookcover-right-v2.jpg\" data-link=\"https:\/\/blue-oceans-consulting.com\/?attachment_id=126\" class=\"wp-image-126\" srcset=\"https:\/\/blue-oceans-consulting.com\/wp-content\/uploads\/2021\/06\/bos-bookcover-right-v2.jpg 314w, https:\/\/blue-oceans-consulting.com\/wp-content\/uploads\/2021\/06\/bos-bookcover-right-v2-188x300.jpg 188w\" sizes=\"auto, (max-width: 314px) 100vw, 314px\" \/><\/figure><\/li><\/ul><\/figure>\n\n\n\n<p>Retrouvez dans cet <a href=\"https:\/\/www.blueoceanstrategy.com\/\" data-type=\"URL\" data-id=\"https:\/\/www.blueoceanstrategy.com\/\">ouvrage <\/a>tous les concepts essentiels.<\/p>\n\n\n\n<div class=\"wp-block-columns are-vertically-aligned-center is-layout-flex wp-container-core-columns-is-layout-9d6595d7 wp-block-columns-is-layout-flex\">\n<div class=\"wp-block-column is-vertically-aligned-center is-layout-flow wp-block-column-is-layout-flow\" style=\"flex-basis:100%\">\n<hr class=\"wp-block-separator\"\/>\n<\/div>\n<\/div>\n\n\n\n<p><strong>Adoptons ensemble les meilleurs pratiques de marketing qui visent \u00e0 une diff\u00e9rentiation forte de votre proposition de valeur. Construisons ensemble un nouveau mod\u00e8le pour votre organisation et son marketing, et cr\u00e9ons des oc\u00e9ans d&rsquo;opportunit\u00e9s.<\/strong><\/p>\n\n\n\n<p>B\u00e9n\u00e9ficiez d\u2019une approche personnalis\u00e9e sur une dur\u00e9e courte pour vos \u00e9quipes et votre comit\u00e9 de direction.<\/p>\n\n\n\n<h2 class=\"wp-block-heading\">A votre \u00e9coute pour \u00e9tudier vos besoins marketing<\/h2>\n\n\n\n<p>Chaque entreprise, chaque solution logicielle, chaque \u00e9quipe est sp\u00e9cifique. \u00c9changeons pour d\u00e9terminer quelle approche peut vous convenir.<br><a href=\"https:\/\/blue-oceans-consulting.com\/?page_id=8\">Contactez moi<\/a><\/p>\n","protected":false},"excerpt":{"rendered":"<p>Pour r\u00e9aliser vos objectifs m\u00e9tier il convient de mettre en place puis d&rsquo;ex\u00e9cuter la \u00ab\u00a0bonne\u00a0\u00bb strat\u00e9gie marketing. Notre mission, vous accompagner dans cette d\u00e9marche. La &hellip;<\/p>\n","protected":false},"author":1,"featured_media":0,"parent":0,"menu_order":0,"comment_status":"closed","ping_status":"closed","template":"","meta":{"footnotes":""},"class_list":["post-9","page","type-page","status-publish","hentry"],"_links":{"self":[{"href":"https:\/\/blue-oceans-consulting.com\/index.php?rest_route=\/wp\/v2\/pages\/9","targetHints":{"allow":["GET"]}}],"collection":[{"href":"https:\/\/blue-oceans-consulting.com\/index.php?rest_route=\/wp\/v2\/pages"}],"about":[{"href":"https:\/\/blue-oceans-consulting.com\/index.php?rest_route=\/wp\/v2\/types\/page"}],"author":[{"embeddable":true,"href":"https:\/\/blue-oceans-consulting.com\/index.php?rest_route=\/wp\/v2\/users\/1"}],"replies":[{"embeddable":true,"href":"https:\/\/blue-oceans-consulting.com\/index.php?rest_route=%2Fwp%2Fv2%2Fcomments&post=9"}],"version-history":[{"count":13,"href":"https:\/\/blue-oceans-consulting.com\/index.php?rest_route=\/wp\/v2\/pages\/9\/revisions"}],"predecessor-version":[{"id":174,"href":"https:\/\/blue-oceans-consulting.com\/index.php?rest_route=\/wp\/v2\/pages\/9\/revisions\/174"}],"wp:attachment":[{"href":"https:\/\/blue-oceans-consulting.com\/index.php?rest_route=%2Fwp%2Fv2%2Fmedia&parent=9"}],"curies":[{"name":"wp","href":"https:\/\/api.w.org\/{rel}","templated":true}]}}